{"id":2683,"date":"2024-09-24T16:50:20","date_gmt":"2024-09-24T21:50:20","guid":{"rendered":"https:\/\/apros.pe\/apros-labs\/"},"modified":"2025-07-22T15:42:42","modified_gmt":"2025-07-22T20:42:42","slug":"apros-labs","status":"publish","type":"page","link":"https:\/\/apros.pe\/en\/apros-labs\/","title":{"rendered":"Apros lab"},"content":{"rendered":"","protected":false},"excerpt":{"rendered":"","protected":false},"author":1,"featured_media":0,"parent":0,"menu_order":0,"comment_status":"closed","ping_status":"closed","template":"templates\/aproslabs.php","meta":{"_acf_changed":false,"footnotes":""},"class_list":["post-2683","page","type-page","status-publish"],"acf":[],"yoast_head":"<!-- This site is optimized with the Yoast SEO Premium plugin v24.1 (Yoast SEO v25.9) - https:\/\/yoast.com\/wordpress\/plugins\/seo\/ -->\n<title>Apros lab - The space for digital innovation without limits<\/title>\n<meta name=\"description\" content=\"We have the ability to develop custom digital products from: IAs, web apps, Chrome extensions, plugins and more.\" \/>\n<meta name=\"robots\" content=\"index, follow, max-snippet:-1, max-image-preview:large, max-video-preview:-1\" \/>\n<link rel=\"canonical\" href=\"https:\/\/apros.pe\/en\/apros-labs\/\" \/>\n<meta property=\"og:locale\" content=\"en_US\" \/>\n<meta property=\"og:type\" content=\"article\" \/>\n<meta property=\"og:title\" content=\"Apros lab - The space for digital innovation without limits\" \/>\n<meta property=\"og:description\" content=\"We have the ability to develop custom digital products from: IAs, web apps, Chrome extensions, plugins and more.\" \/>\n<meta property=\"og:url\" content=\"https:\/\/apros.pe\/en\/apros-labs\/\" \/>\n<meta property=\"og:site_name\" content=\"APROS\" \/>\n<meta property=\"article:publisher\" content=\"https:\/\/www.facebook.com\/apros\" \/>\n<meta property=\"article:modified_time\" content=\"2025-07-22T20:42:42+00:00\" \/>\n<meta property=\"og:image\" content=\"https:\/\/apros.pe\/wp-content\/uploads\/2024\/10\/buy-this-193x300.webp\" \/>\n<meta name=\"twitter:card\" content=\"summary_large_image\" \/>\n<meta name=\"twitter:title\" content=\"Apros lab\" \/>\n<script type=\"application\/ld+json\" class=\"yoast-schema-graph\">{\"@context\":\"https:\/\/schema.org\",\"@graph\":[{\"@type\":\"WebPage\",\"@id\":\"https:\/\/apros.pe\/en\/apros-labs\/\",\"url\":\"https:\/\/apros.pe\/en\/apros-labs\/\",\"name\":\"Apros lab - The space for digital innovation without limits\",\"isPartOf\":{\"@id\":\"https:\/\/apros.pe\/en\/#website\"},\"datePublished\":\"2024-09-24T21:50:20+00:00\",\"dateModified\":\"2025-07-22T20:42:42+00:00\",\"description\":\"We have the ability to develop custom digital products from: IAs, web apps, Chrome extensions, plugins and more.\",\"breadcrumb\":{\"@id\":\"https:\/\/apros.pe\/en\/apros-labs\/#breadcrumb\"},\"inLanguage\":\"en-US\",\"potentialAction\":[{\"@type\":\"ReadAction\",\"target\":[\"https:\/\/apros.pe\/en\/apros-labs\/\"]}]},{\"@type\":\"BreadcrumbList\",\"@id\":\"https:\/\/apros.pe\/en\/apros-labs\/#breadcrumb\",\"itemListElement\":[{\"@type\":\"ListItem\",\"position\":1,\"name\":\"Portada\",\"item\":\"https:\/\/apros.pe\/en\/consultoria_de_desarollo_web_lima\/\"},{\"@type\":\"ListItem\",\"position\":2,\"name\":\"Apros lab\"}]},{\"@type\":\"WebSite\",\"@id\":\"https:\/\/apros.pe\/en\/#website\",\"url\":\"https:\/\/apros.pe\/en\/\",\"name\":\"APROS\",\"description\":\"APROS es una consultora de desarrollo web en Per\u00fa enfocada en optimizar y construir presencia digital para aumentar las conversiones en tu empresa.\",\"publisher\":{\"@id\":\"https:\/\/apros.pe\/en\/#organization\"},\"alternateName\":\"APROS | Dise\u00f1o y desarrollo web | Per\u00fa\",\"potentialAction\":[{\"@type\":\"SearchAction\",\"target\":{\"@type\":\"EntryPoint\",\"urlTemplate\":\"https:\/\/apros.pe\/en\/?s={search_term_string}\"},\"query-input\":{\"@type\":\"PropertyValueSpecification\",\"valueRequired\":true,\"valueName\":\"search_term_string\"}}],\"inLanguage\":\"en-US\"},{\"@type\":\"Organization\",\"@id\":\"https:\/\/apros.pe\/en\/#organization\",\"name\":\"APROS\",\"alternateName\":\"APROS Consultores digitales\",\"url\":\"https:\/\/apros.pe\/en\/\",\"logo\":{\"@type\":\"ImageObject\",\"inLanguage\":\"en-US\",\"@id\":\"https:\/\/apros.pe\/en\/#\/schema\/logo\/image\/\",\"url\":\"https:\/\/apros.pe\/wp-content\/uploads\/2024\/12\/Logo-WhatsApp.jpg\",\"contentUrl\":\"https:\/\/apros.pe\/wp-content\/uploads\/2024\/12\/Logo-WhatsApp.jpg\",\"width\":400,\"height\":400,\"caption\":\"APROS\"},\"image\":{\"@id\":\"https:\/\/apros.pe\/en\/#\/schema\/logo\/image\/\"},\"sameAs\":[\"https:\/\/www.facebook.com\/apros\",\"https:\/\/www.instagram.com\/apros_global\/\",\"https:\/\/www.linkedin.com\/company\/2606973\/\"],\"description\":\"Empresa dedicada a potenciar la presencia digital de marcas mediante soluciones personalizadas y estrategias innovadoras. Con m\u00e1s de una d\u00e9cada de experiencia, se especializa dise\u00f1o y desarrollo de sitios web.\",\"email\":\"hola@apros.pe\"}]}<\/script>\n<!-- \/ Yoast SEO Premium plugin. -->","yoast_head_json":{"title":"Apros lab - The space for digital innovation without limits","description":"We have the ability to develop custom digital products from: IAs, web apps, Chrome extensions, plugins and more.","robots":{"index":"index","follow":"follow","max-snippet":"max-snippet:-1","max-image-preview":"max-image-preview:large","max-video-preview":"max-video-preview:-1"},"canonical":"https:\/\/apros.pe\/en\/apros-labs\/","og_locale":"en_US","og_type":"article","og_title":"Apros lab - The space for digital innovation without limits","og_description":"We have the ability to develop custom digital products from: IAs, web apps, Chrome extensions, plugins and more.","og_url":"https:\/\/apros.pe\/en\/apros-labs\/","og_site_name":"APROS","article_publisher":"https:\/\/www.facebook.com\/apros","article_modified_time":"2025-07-22T20:42:42+00:00","og_image":[{"url":"https:\/\/apros.pe\/wp-content\/uploads\/2024\/10\/buy-this-193x300.webp","type":"","width":"","height":""}],"twitter_card":"summary_large_image","twitter_title":"Apros lab","schema":{"@context":"https:\/\/schema.org","@graph":[{"@type":"WebPage","@id":"https:\/\/apros.pe\/en\/apros-labs\/","url":"https:\/\/apros.pe\/en\/apros-labs\/","name":"Apros lab - The space for digital innovation without limits","isPartOf":{"@id":"https:\/\/apros.pe\/en\/#website"},"datePublished":"2024-09-24T21:50:20+00:00","dateModified":"2025-07-22T20:42:42+00:00","description":"We have the ability to develop custom digital products from: IAs, web apps, Chrome extensions, plugins and more.","breadcrumb":{"@id":"https:\/\/apros.pe\/en\/apros-labs\/#breadcrumb"},"inLanguage":"en-US","potentialAction":[{"@type":"ReadAction","target":["https:\/\/apros.pe\/en\/apros-labs\/"]}]},{"@type":"BreadcrumbList","@id":"https:\/\/apros.pe\/en\/apros-labs\/#breadcrumb","itemListElement":[{"@type":"ListItem","position":1,"name":"Portada","item":"https:\/\/apros.pe\/en\/consultoria_de_desarollo_web_lima\/"},{"@type":"ListItem","position":2,"name":"Apros lab"}]},{"@type":"WebSite","@id":"https:\/\/apros.pe\/en\/#website","url":"https:\/\/apros.pe\/en\/","name":"APROS","description":"APROS es una consultora de desarrollo web en Per\u00fa enfocada en optimizar y construir presencia digital para aumentar las conversiones en tu empresa.","publisher":{"@id":"https:\/\/apros.pe\/en\/#organization"},"alternateName":"APROS | Dise\u00f1o y desarrollo web | Per\u00fa","potentialAction":[{"@type":"SearchAction","target":{"@type":"EntryPoint","urlTemplate":"https:\/\/apros.pe\/en\/?s={search_term_string}"},"query-input":{"@type":"PropertyValueSpecification","valueRequired":true,"valueName":"search_term_string"}}],"inLanguage":"en-US"},{"@type":"Organization","@id":"https:\/\/apros.pe\/en\/#organization","name":"APROS","alternateName":"APROS Consultores digitales","url":"https:\/\/apros.pe\/en\/","logo":{"@type":"ImageObject","inLanguage":"en-US","@id":"https:\/\/apros.pe\/en\/#\/schema\/logo\/image\/","url":"https:\/\/apros.pe\/wp-content\/uploads\/2024\/12\/Logo-WhatsApp.jpg","contentUrl":"https:\/\/apros.pe\/wp-content\/uploads\/2024\/12\/Logo-WhatsApp.jpg","width":400,"height":400,"caption":"APROS"},"image":{"@id":"https:\/\/apros.pe\/en\/#\/schema\/logo\/image\/"},"sameAs":["https:\/\/www.facebook.com\/apros","https:\/\/www.instagram.com\/apros_global\/","https:\/\/www.linkedin.com\/company\/2606973\/"],"description":"Empresa dedicada a potenciar la presencia digital de marcas mediante soluciones personalizadas y estrategias innovadoras. Con m\u00e1s de una d\u00e9cada de experiencia, se especializa dise\u00f1o y desarrollo de sitios web.","email":"hola@apros.pe"}]}},"_links":{"self":[{"href":"https:\/\/apros.pe\/en\/wp-json\/wp\/v2\/pages\/2683","targetHints":{"allow":["GET"]}}],"collection":[{"href":"https:\/\/apros.pe\/en\/wp-json\/wp\/v2\/pages"}],"about":[{"href":"https:\/\/apros.pe\/en\/wp-json\/wp\/v2\/types\/page"}],"author":[{"embeddable":true,"href":"https:\/\/apros.pe\/en\/wp-json\/wp\/v2\/users\/1"}],"replies":[{"embeddable":true,"href":"https:\/\/apros.pe\/en\/wp-json\/wp\/v2\/comments?post=2683"}],"version-history":[{"count":2,"href":"https:\/\/apros.pe\/en\/wp-json\/wp\/v2\/pages\/2683\/revisions"}],"predecessor-version":[{"id":2801,"href":"https:\/\/apros.pe\/en\/wp-json\/wp\/v2\/pages\/2683\/revisions\/2801"}],"wp:attachment":[{"href":"https:\/\/apros.pe\/en\/wp-json\/wp\/v2\/media?parent=2683"}],"curies":[{"name":"wp","href":"https:\/\/api.w.org\/{rel}","templated":true}]}}