{"id":2685,"date":"2025-02-18T16:57:03","date_gmt":"2025-02-18T21:57:03","guid":{"rendered":"https:\/\/apros.pe\/service-compliance\/"},"modified":"2025-11-14T14:28:04","modified_gmt":"2025-11-14T19:28:04","slug":"service-compliance","status":"publish","type":"page","link":"https:\/\/apros.pe\/en\/service-compliance\/","title":{"rendered":"Service compliance"},"content":{"rendered":"","protected":false},"excerpt":{"rendered":"","protected":false},"author":1,"featured_media":0,"parent":0,"menu_order":0,"comment_status":"closed","ping_status":"closed","template":"templates\/conformidad.php","meta":{"_acf_changed":false,"footnotes":""},"class_list":["post-2685","page","type-page","status-publish"],"acf":[],"yoast_head":"<!-- This site is optimized with the Yoast SEO Premium plugin v24.1 (Yoast SEO v25.9) - https:\/\/yoast.com\/wordpress\/plugins\/seo\/ -->\n<title>Service compliance | APROS<\/title>\n<meta name=\"robots\" content=\"noindex, follow\" \/>\n<meta property=\"og:locale\" content=\"en_US\" \/>\n<meta property=\"og:type\" content=\"article\" \/>\n<meta property=\"og:title\" content=\"Service compliance\" \/>\n<meta property=\"og:url\" content=\"https:\/\/apros.pe\/en\/service-compliance\/\" \/>\n<meta property=\"og:site_name\" content=\"APROS\" \/>\n<meta property=\"article:publisher\" content=\"https:\/\/www.facebook.com\/apros\" \/>\n<meta property=\"article:modified_time\" content=\"2025-11-14T19:28:04+00:00\" \/>\n<meta property=\"og:image\" content=\"https:\/\/apros.pe\/wp-content\/uploads\/2024\/12\/apros-global-diseno-y-desarrollo-web-en-lima.jpg\" \/>\n\t<meta property=\"og:image:width\" content=\"1200\" \/>\n\t<meta property=\"og:image:height\" content=\"625\" \/>\n\t<meta property=\"og:image:type\" content=\"image\/jpeg\" \/>\n<meta name=\"twitter:card\" content=\"summary_large_image\" \/>\n<script type=\"application\/ld+json\" class=\"yoast-schema-graph\">{\"@context\":\"https:\/\/schema.org\",\"@graph\":[{\"@type\":\"WebPage\",\"@id\":\"https:\/\/apros.pe\/en\/service-compliance\/\",\"url\":\"https:\/\/apros.pe\/en\/service-compliance\/\",\"name\":\"Service compliance | APROS\",\"isPartOf\":{\"@id\":\"https:\/\/apros.pe\/en\/#website\"},\"datePublished\":\"2025-02-18T21:57:03+00:00\",\"dateModified\":\"2025-11-14T19:28:04+00:00\",\"breadcrumb\":{\"@id\":\"https:\/\/apros.pe\/en\/service-compliance\/#breadcrumb\"},\"inLanguage\":\"en-US\",\"potentialAction\":[{\"@type\":\"ReadAction\",\"target\":[\"https:\/\/apros.pe\/en\/service-compliance\/\"]}]},{\"@type\":\"BreadcrumbList\",\"@id\":\"https:\/\/apros.pe\/en\/service-compliance\/#breadcrumb\",\"itemListElement\":[{\"@type\":\"ListItem\",\"position\":1,\"name\":\"Portada\",\"item\":\"https:\/\/apros.pe\/en\/consultoria_de_desarollo_web_lima\/\"},{\"@type\":\"ListItem\",\"position\":2,\"name\":\"Service compliance\"}]},{\"@type\":\"WebSite\",\"@id\":\"https:\/\/apros.pe\/en\/#website\",\"url\":\"https:\/\/apros.pe\/en\/\",\"name\":\"APROS\",\"description\":\"APROS es una consultora de desarrollo web en Per\u00fa enfocada en optimizar y construir presencia digital para aumentar las conversiones en tu empresa.\",\"publisher\":{\"@id\":\"https:\/\/apros.pe\/en\/#organization\"},\"alternateName\":\"APROS | Dise\u00f1o y desarrollo web | Per\u00fa\",\"potentialAction\":[{\"@type\":\"SearchAction\",\"target\":{\"@type\":\"EntryPoint\",\"urlTemplate\":\"https:\/\/apros.pe\/en\/?s={search_term_string}\"},\"query-input\":{\"@type\":\"PropertyValueSpecification\",\"valueRequired\":true,\"valueName\":\"search_term_string\"}}],\"inLanguage\":\"en-US\"},{\"@type\":\"Organization\",\"@id\":\"https:\/\/apros.pe\/en\/#organization\",\"name\":\"APROS\",\"alternateName\":\"APROS Consultores digitales\",\"url\":\"https:\/\/apros.pe\/en\/\",\"logo\":{\"@type\":\"ImageObject\",\"inLanguage\":\"en-US\",\"@id\":\"https:\/\/apros.pe\/en\/#\/schema\/logo\/image\/\",\"url\":\"https:\/\/apros.pe\/wp-content\/uploads\/2024\/12\/Logo-WhatsApp.jpg\",\"contentUrl\":\"https:\/\/apros.pe\/wp-content\/uploads\/2024\/12\/Logo-WhatsApp.jpg\",\"width\":400,\"height\":400,\"caption\":\"APROS\"},\"image\":{\"@id\":\"https:\/\/apros.pe\/en\/#\/schema\/logo\/image\/\"},\"sameAs\":[\"https:\/\/www.facebook.com\/apros\",\"https:\/\/www.instagram.com\/apros_global\/\",\"https:\/\/www.linkedin.com\/company\/2606973\/\"],\"description\":\"Empresa dedicada a potenciar la presencia digital de marcas mediante soluciones personalizadas y estrategias innovadoras. Con m\u00e1s de una d\u00e9cada de experiencia, se especializa dise\u00f1o y desarrollo de sitios web.\",\"email\":\"hola@apros.pe\"}]}<\/script>\n<!-- \/ Yoast SEO Premium plugin. -->","yoast_head_json":{"title":"Service compliance | APROS","robots":{"index":"noindex","follow":"follow"},"og_locale":"en_US","og_type":"article","og_title":"Service compliance","og_url":"https:\/\/apros.pe\/en\/service-compliance\/","og_site_name":"APROS","article_publisher":"https:\/\/www.facebook.com\/apros","article_modified_time":"2025-11-14T19:28:04+00:00","og_image":[{"width":1200,"height":625,"url":"https:\/\/apros.pe\/wp-content\/uploads\/2024\/12\/apros-global-diseno-y-desarrollo-web-en-lima.jpg","type":"image\/jpeg"}],"twitter_card":"summary_large_image","schema":{"@context":"https:\/\/schema.org","@graph":[{"@type":"WebPage","@id":"https:\/\/apros.pe\/en\/service-compliance\/","url":"https:\/\/apros.pe\/en\/service-compliance\/","name":"Service compliance | APROS","isPartOf":{"@id":"https:\/\/apros.pe\/en\/#website"},"datePublished":"2025-02-18T21:57:03+00:00","dateModified":"2025-11-14T19:28:04+00:00","breadcrumb":{"@id":"https:\/\/apros.pe\/en\/service-compliance\/#breadcrumb"},"inLanguage":"en-US","potentialAction":[{"@type":"ReadAction","target":["https:\/\/apros.pe\/en\/service-compliance\/"]}]},{"@type":"BreadcrumbList","@id":"https:\/\/apros.pe\/en\/service-compliance\/#breadcrumb","itemListElement":[{"@type":"ListItem","position":1,"name":"Portada","item":"https:\/\/apros.pe\/en\/consultoria_de_desarollo_web_lima\/"},{"@type":"ListItem","position":2,"name":"Service compliance"}]},{"@type":"WebSite","@id":"https:\/\/apros.pe\/en\/#website","url":"https:\/\/apros.pe\/en\/","name":"APROS","description":"APROS es una consultora de desarrollo web en Per\u00fa enfocada en optimizar y construir presencia digital para aumentar las conversiones en tu empresa.","publisher":{"@id":"https:\/\/apros.pe\/en\/#organization"},"alternateName":"APROS | Dise\u00f1o y desarrollo web | Per\u00fa","potentialAction":[{"@type":"SearchAction","target":{"@type":"EntryPoint","urlTemplate":"https:\/\/apros.pe\/en\/?s={search_term_string}"},"query-input":{"@type":"PropertyValueSpecification","valueRequired":true,"valueName":"search_term_string"}}],"inLanguage":"en-US"},{"@type":"Organization","@id":"https:\/\/apros.pe\/en\/#organization","name":"APROS","alternateName":"APROS Consultores digitales","url":"https:\/\/apros.pe\/en\/","logo":{"@type":"ImageObject","inLanguage":"en-US","@id":"https:\/\/apros.pe\/en\/#\/schema\/logo\/image\/","url":"https:\/\/apros.pe\/wp-content\/uploads\/2024\/12\/Logo-WhatsApp.jpg","contentUrl":"https:\/\/apros.pe\/wp-content\/uploads\/2024\/12\/Logo-WhatsApp.jpg","width":400,"height":400,"caption":"APROS"},"image":{"@id":"https:\/\/apros.pe\/en\/#\/schema\/logo\/image\/"},"sameAs":["https:\/\/www.facebook.com\/apros","https:\/\/www.instagram.com\/apros_global\/","https:\/\/www.linkedin.com\/company\/2606973\/"],"description":"Empresa dedicada a potenciar la presencia digital de marcas mediante soluciones personalizadas y estrategias innovadoras. Con m\u00e1s de una d\u00e9cada de experiencia, se especializa dise\u00f1o y desarrollo de sitios web.","email":"hola@apros.pe"}]}},"_links":{"self":[{"href":"https:\/\/apros.pe\/en\/wp-json\/wp\/v2\/pages\/2685","targetHints":{"allow":["GET"]}}],"collection":[{"href":"https:\/\/apros.pe\/en\/wp-json\/wp\/v2\/pages"}],"about":[{"href":"https:\/\/apros.pe\/en\/wp-json\/wp\/v2\/types\/page"}],"author":[{"embeddable":true,"href":"https:\/\/apros.pe\/en\/wp-json\/wp\/v2\/users\/1"}],"replies":[{"embeddable":true,"href":"https:\/\/apros.pe\/en\/wp-json\/wp\/v2\/comments?post=2685"}],"version-history":[{"count":1,"href":"https:\/\/apros.pe\/en\/wp-json\/wp\/v2\/pages\/2685\/revisions"}],"predecessor-version":[{"id":2810,"href":"https:\/\/apros.pe\/en\/wp-json\/wp\/v2\/pages\/2685\/revisions\/2810"}],"wp:attachment":[{"href":"https:\/\/apros.pe\/en\/wp-json\/wp\/v2\/media?parent=2685"}],"curies":[{"name":"wp","href":"https:\/\/api.w.org\/{rel}","templated":true}]}}