{"id":2688,"date":"2024-09-24T17:27:46","date_gmt":"2024-09-24T22:27:46","guid":{"rendered":"https:\/\/apros.pe\/corporate-governance\/"},"modified":"2026-02-23T18:07:34","modified_gmt":"2026-02-23T23:07:34","slug":"corporate-governance","status":"publish","type":"page","link":"https:\/\/apros.pe\/en\/corporate-governance\/","title":{"rendered":"Corporate Governance"},"content":{"rendered":"","protected":false},"excerpt":{"rendered":"","protected":false},"author":1,"featured_media":0,"parent":0,"menu_order":0,"comment_status":"closed","ping_status":"closed","template":"templates\/government.php","meta":{"_acf_changed":false,"footnotes":""},"class_list":["post-2688","page","type-page","status-publish"],"acf":[],"yoast_head":"<!-- This site is optimized with the Yoast SEO Premium plugin v24.1 (Yoast SEO v25.9) - https:\/\/yoast.com\/wordpress\/plugins\/seo\/ -->\n<title>Corporate Governance | We are based on policies for quality<\/title>\n<meta name=\"description\" content=\"We work based on transparency and strategic management with a series of policies to ensure the quality of our digital products.\" \/>\n<meta name=\"robots\" content=\"noindex, follow\" \/>\n<meta property=\"og:locale\" content=\"en_US\" \/>\n<meta property=\"og:type\" content=\"article\" \/>\n<meta property=\"og:title\" content=\"Corporate Governance | We are based on policies for quality\" \/>\n<meta property=\"og:description\" content=\"We work based on transparency and strategic management with a series of policies to ensure the quality of our digital products.\" \/>\n<meta property=\"og:url\" content=\"https:\/\/apros.pe\/en\/corporate-governance\/\" \/>\n<meta property=\"og:site_name\" content=\"APROS\" \/>\n<meta property=\"article:publisher\" content=\"https:\/\/www.facebook.com\/apros\" \/>\n<meta property=\"article:modified_time\" content=\"2026-02-23T23:07:34+00:00\" \/>\n<meta property=\"og:image\" content=\"https:\/\/apros.pe\/wp-content\/uploads\/2024\/10\/filosofia-1.webp\" \/>\n<meta name=\"twitter:card\" content=\"summary_large_image\" \/>\n<meta name=\"twitter:title\" content=\"Corporate Governance\" \/>\n<script type=\"application\/ld+json\" class=\"yoast-schema-graph\">{\"@context\":\"https:\/\/schema.org\",\"@graph\":[{\"@type\":\"WebPage\",\"@id\":\"https:\/\/apros.pe\/en\/corporate-governance\/\",\"url\":\"https:\/\/apros.pe\/en\/corporate-governance\/\",\"name\":\"Corporate Governance | We are based on policies for quality\",\"isPartOf\":{\"@id\":\"https:\/\/apros.pe\/en\/#website\"},\"datePublished\":\"2024-09-24T22:27:46+00:00\",\"dateModified\":\"2026-02-23T23:07:34+00:00\",\"description\":\"We work based on transparency and strategic management with a series of policies to ensure the quality of our digital products.\",\"breadcrumb\":{\"@id\":\"https:\/\/apros.pe\/en\/corporate-governance\/#breadcrumb\"},\"inLanguage\":\"en-US\",\"potentialAction\":[{\"@type\":\"ReadAction\",\"target\":[\"https:\/\/apros.pe\/en\/corporate-governance\/\"]}]},{\"@type\":\"BreadcrumbList\",\"@id\":\"https:\/\/apros.pe\/en\/corporate-governance\/#breadcrumb\",\"itemListElement\":[{\"@type\":\"ListItem\",\"position\":1,\"name\":\"Portada\",\"item\":\"https:\/\/apros.pe\/en\/consultoria_de_desarollo_web_lima\/\"},{\"@type\":\"ListItem\",\"position\":2,\"name\":\"Corporate Governance\"}]},{\"@type\":\"WebSite\",\"@id\":\"https:\/\/apros.pe\/en\/#website\",\"url\":\"https:\/\/apros.pe\/en\/\",\"name\":\"APROS\",\"description\":\"APROS es una consultora de desarrollo web en Per\u00fa enfocada en optimizar y construir presencia digital para aumentar las conversiones en tu empresa.\",\"publisher\":{\"@id\":\"https:\/\/apros.pe\/en\/#organization\"},\"alternateName\":\"APROS | Dise\u00f1o y desarrollo web | Per\u00fa\",\"potentialAction\":[{\"@type\":\"SearchAction\",\"target\":{\"@type\":\"EntryPoint\",\"urlTemplate\":\"https:\/\/apros.pe\/en\/?s={search_term_string}\"},\"query-input\":{\"@type\":\"PropertyValueSpecification\",\"valueRequired\":true,\"valueName\":\"search_term_string\"}}],\"inLanguage\":\"en-US\"},{\"@type\":\"Organization\",\"@id\":\"https:\/\/apros.pe\/en\/#organization\",\"name\":\"APROS\",\"alternateName\":\"APROS Consultores digitales\",\"url\":\"https:\/\/apros.pe\/en\/\",\"logo\":{\"@type\":\"ImageObject\",\"inLanguage\":\"en-US\",\"@id\":\"https:\/\/apros.pe\/en\/#\/schema\/logo\/image\/\",\"url\":\"https:\/\/apros.pe\/wp-content\/uploads\/2024\/12\/Logo-WhatsApp.jpg\",\"contentUrl\":\"https:\/\/apros.pe\/wp-content\/uploads\/2024\/12\/Logo-WhatsApp.jpg\",\"width\":400,\"height\":400,\"caption\":\"APROS\"},\"image\":{\"@id\":\"https:\/\/apros.pe\/en\/#\/schema\/logo\/image\/\"},\"sameAs\":[\"https:\/\/www.facebook.com\/apros\",\"https:\/\/www.instagram.com\/apros_global\/\",\"https:\/\/www.linkedin.com\/company\/2606973\/\"],\"description\":\"Empresa dedicada a potenciar la presencia digital de marcas mediante soluciones personalizadas y estrategias innovadoras. Con m\u00e1s de una d\u00e9cada de experiencia, se especializa dise\u00f1o y desarrollo de sitios web.\",\"email\":\"hola@apros.pe\"}]}<\/script>\n<!-- \/ Yoast SEO Premium plugin. -->","yoast_head_json":{"title":"Corporate Governance | We are based on policies for quality","description":"We work based on transparency and strategic management with a series of policies to ensure the quality of our digital products.","robots":{"index":"noindex","follow":"follow"},"og_locale":"en_US","og_type":"article","og_title":"Corporate Governance | We are based on policies for quality","og_description":"We work based on transparency and strategic management with a series of policies to ensure the quality of our digital products.","og_url":"https:\/\/apros.pe\/en\/corporate-governance\/","og_site_name":"APROS","article_publisher":"https:\/\/www.facebook.com\/apros","article_modified_time":"2026-02-23T23:07:34+00:00","og_image":[{"url":"https:\/\/apros.pe\/wp-content\/uploads\/2024\/10\/filosofia-1.webp","type":"","width":"","height":""}],"twitter_card":"summary_large_image","twitter_title":"Corporate Governance","schema":{"@context":"https:\/\/schema.org","@graph":[{"@type":"WebPage","@id":"https:\/\/apros.pe\/en\/corporate-governance\/","url":"https:\/\/apros.pe\/en\/corporate-governance\/","name":"Corporate Governance | We are based on policies for quality","isPartOf":{"@id":"https:\/\/apros.pe\/en\/#website"},"datePublished":"2024-09-24T22:27:46+00:00","dateModified":"2026-02-23T23:07:34+00:00","description":"We work based on transparency and strategic management with a series of policies to ensure the quality of our digital products.","breadcrumb":{"@id":"https:\/\/apros.pe\/en\/corporate-governance\/#breadcrumb"},"inLanguage":"en-US","potentialAction":[{"@type":"ReadAction","target":["https:\/\/apros.pe\/en\/corporate-governance\/"]}]},{"@type":"BreadcrumbList","@id":"https:\/\/apros.pe\/en\/corporate-governance\/#breadcrumb","itemListElement":[{"@type":"ListItem","position":1,"name":"Portada","item":"https:\/\/apros.pe\/en\/consultoria_de_desarollo_web_lima\/"},{"@type":"ListItem","position":2,"name":"Corporate Governance"}]},{"@type":"WebSite","@id":"https:\/\/apros.pe\/en\/#website","url":"https:\/\/apros.pe\/en\/","name":"APROS","description":"APROS es una consultora de desarrollo web en Per\u00fa enfocada en optimizar y construir presencia digital para aumentar las conversiones en tu empresa.","publisher":{"@id":"https:\/\/apros.pe\/en\/#organization"},"alternateName":"APROS | Dise\u00f1o y desarrollo web | Per\u00fa","potentialAction":[{"@type":"SearchAction","target":{"@type":"EntryPoint","urlTemplate":"https:\/\/apros.pe\/en\/?s={search_term_string}"},"query-input":{"@type":"PropertyValueSpecification","valueRequired":true,"valueName":"search_term_string"}}],"inLanguage":"en-US"},{"@type":"Organization","@id":"https:\/\/apros.pe\/en\/#organization","name":"APROS","alternateName":"APROS Consultores digitales","url":"https:\/\/apros.pe\/en\/","logo":{"@type":"ImageObject","inLanguage":"en-US","@id":"https:\/\/apros.pe\/en\/#\/schema\/logo\/image\/","url":"https:\/\/apros.pe\/wp-content\/uploads\/2024\/12\/Logo-WhatsApp.jpg","contentUrl":"https:\/\/apros.pe\/wp-content\/uploads\/2024\/12\/Logo-WhatsApp.jpg","width":400,"height":400,"caption":"APROS"},"image":{"@id":"https:\/\/apros.pe\/en\/#\/schema\/logo\/image\/"},"sameAs":["https:\/\/www.facebook.com\/apros","https:\/\/www.instagram.com\/apros_global\/","https:\/\/www.linkedin.com\/company\/2606973\/"],"description":"Empresa dedicada a potenciar la presencia digital de marcas mediante soluciones personalizadas y estrategias innovadoras. Con m\u00e1s de una d\u00e9cada de experiencia, se especializa dise\u00f1o y desarrollo de sitios web.","email":"hola@apros.pe"}]}},"_links":{"self":[{"href":"https:\/\/apros.pe\/en\/wp-json\/wp\/v2\/pages\/2688","targetHints":{"allow":["GET"]}}],"collection":[{"href":"https:\/\/apros.pe\/en\/wp-json\/wp\/v2\/pages"}],"about":[{"href":"https:\/\/apros.pe\/en\/wp-json\/wp\/v2\/types\/page"}],"author":[{"embeddable":true,"href":"https:\/\/apros.pe\/en\/wp-json\/wp\/v2\/users\/1"}],"replies":[{"embeddable":true,"href":"https:\/\/apros.pe\/en\/wp-json\/wp\/v2\/comments?post=2688"}],"version-history":[{"count":1,"href":"https:\/\/apros.pe\/en\/wp-json\/wp\/v2\/pages\/2688\/revisions"}],"predecessor-version":[{"id":2791,"href":"https:\/\/apros.pe\/en\/wp-json\/wp\/v2\/pages\/2688\/revisions\/2791"}],"wp:attachment":[{"href":"https:\/\/apros.pe\/en\/wp-json\/wp\/v2\/media?parent=2688"}],"curies":[{"name":"wp","href":"https:\/\/api.w.org\/{rel}","templated":true}]}}